{"id":458,"date":"2019-09-21T20:17:18","date_gmt":"2019-09-21T20:17:18","guid":{"rendered":"http:\/\/divinahotelharkany.hu\/?page_id=458"},"modified":"2024-11-22T16:46:38","modified_gmt":"2024-11-22T16:46:38","slug":"the-spa-town","status":"publish","type":"page","link":"https:\/\/divinahotelharkany.hu\/en\/the-spa-town\/","title":{"rendered":"The spa town"},"content":{"rendered":"\r\n<p><strong>The spa Town of Hark\u00e1ny<\/strong> &#8211; at the foot of the Tenkes Hill and near the Vill\u00e1ny Hills in Baranya County lies a sunny small town with a legend that might seem unbelievable, but its natural treasures are unbeatable. <strong>Have you ever heard of a place where wine, adventure, culture, thermal water, and wellness are all within arm\u2019s reach?<\/strong> With its natural and cultural features, Hark\u00e1ny is a truly unique destination in Hungary.<\/p>\r\n\r\n\r\n\r\n<p><strong>Hark\u00e1nyf\u00fcrd\u0151<\/strong> is not only one of the most significant and beautiful thermal spa locations in the country but was also awarded the title of <strong>\u201cBath of the Year\u201d<\/strong> in 2019.<\/p>\r\n\r\n\r\n\r\n<p>The crystal-clear air, abundant sunshine, excellent natural resources, thermal water, and Mediterranean climate heal and rejuvenate both body and soul alike.<\/p>\r\n\r\n\r\n\r\n<p>The town\u2019s microclimate is unique, with 20 percent more sunshine hours annually than the national average. As a result, plants like figs and pomegranates have become native here.<\/p>\r\n\r\n\r\n\r\n<p>The town and its surroundings offer an exceptionally rich and colorful program for visitors.<\/p>\r\n\r\n\r\n\r\n<p>Explore the attractions and leisure activities available in the area <a href=\"\/en\/harkany-and-beyond\/\" target=\"_blank\" rel=\"noopener\">HERE<\/a>.<\/p>\r\n\r\n\r\n\r\n<figure class=\"wp-block-image\"><img decoding=\"async\" src=\"https:\/\/www.xavinhotelharkany.hu\/wp-content\/uploads\/2015\/05\/IMG_0386.jpg\" alt=\"\" \/><\/figure>\r\n\r\n<p>&nbsp;<\/p>\r\n\r\n<p>The annual hours of sunshine here are 20 percent higher than the national average, enabling plants like figs and pomegranates to thrive.<\/p>\r\n\r\n\r\n\r\n<p>The city and its surroundings promise an exceptionally rich and colorful program for visitors.<\/p>\r\n\r\n\r\n\r\n<h3 class=\"wp-block-heading\">Sights in Hark\u00e1ny<\/h3>\r\n<p>&nbsp;<\/p>\r\n\r\n\r\n\r\n<h4 class=\"wp-block-heading\">Catholic Church and Church Garden<\/h4>\r\n\r\n\r\n\r\n<figure class=\"wp-block-image\"><img decoding=\"async\" width=\"1600\" height=\"1064\" class=\"wp-image-10372\" src=\"https:\/\/divinahotelharkany.hu\/wp-content\/uploads\/2020\/05\/IGP8838_1.jpg\" alt=\"Catholic Church Hark\u00e1ny\" srcset=\"https:\/\/divinahotelharkany.hu\/wp-content\/uploads\/2020\/05\/IGP8838_1.jpg 1600w, https:\/\/divinahotelharkany.hu\/wp-content\/uploads\/2020\/05\/IGP8838_1-300x200.jpg 300w, https:\/\/divinahotelharkany.hu\/wp-content\/uploads\/2020\/05\/IGP8838_1-1024x681.jpg 1024w, https:\/\/divinahotelharkany.hu\/wp-content\/uploads\/2020\/05\/IGP8838_1-768x511.jpg 768w, https:\/\/divinahotelharkany.hu\/wp-content\/uploads\/2020\/05\/IGP8838_1-1536x1021.jpg 1536w\" sizes=\"(max-width: 1600px) 100vw, 1600px\" \/><\/figure>\r\n\r\n\r\n\r\n<p>In the 19th century, the growing Catholic population of Hark\u00e1ny and the high number of Catholic visitors to the thermal bath necessitated the construction of a church. As a result, the Catholic chapel was built in 1906, enabling local Roman Catholics and visitors to practice their faith.<\/p>\r\n\r\n\r\n\r\n<p>The chapel was consecrated in the same year in honor of the <strong>Sacred Heart of Jesus<\/strong>.<\/p>\r\n\r\n\r\n\r\n<p>The growing population and increasing number of visitors made it necessary to enlarge the chapel.<\/p>\r\n\r\n\r\n\r\n<p>Construction began based on <strong>J\u00f3zsef Holczer\u2019s<\/strong> designs and was completed, with the church being consecrated on October 22, 1988, in the presence of thousands of faithful. Visitors can admire the <strong>Stations of the Cross<\/strong>, enamel works by <strong>L\u00e1szl\u00f3 Morvai<\/strong> on the outer walls, and learn about major events in Hungarian history in the church garden.<\/p>\r\n\r\n\r\n\r\n<h4 class=\"wp-block-heading\">Reformed Church<\/h4>\r\n\r\n\r\n\r\n<div class=\"wp-block-image\">\r\n<figure class=\"alignleft\"><a href=\"http:\/\/www.xavinhotelharkany.hu\/wp-content\/uploads\/2014\/11\/latnivalok_2.jpg\"><img decoding=\"async\" class=\"wp-image-324\" src=\"http:\/\/www.xavinhotelharkany.hu\/wp-content\/uploads\/2014\/11\/latnivalok_2-150x150.jpg\" alt=\"The Reformed Church in Hark\u00e1ny and its garden\" \/><\/a>\r\n<figcaption>The Reformed Church in Hark\u00e1ny and its garden<\/figcaption>\r\n<\/figure>\r\n<\/div>\r\n\r\n\r\n\r\n<p>The late Baroque, Rococo-style Reformed Church stands on the main street of this spa town.<\/p>\r\n\r\n\r\n\r\n<p>The Hark\u00e1ny Reformed congregation began building the church on March 21, 1798.<\/p>\r\n\r\n\r\n\r\n<p>The structure, adorned with a pyramidal spire, was completed in 1802. It houses three bells and an eight-register organ. Its communion vessels include two zinc pitchers and plates from 1820 and two chalices and plates from 1833. Next to the church stands a bust of Mih\u00e1ly Szt\u00e1rai, a notable figure of the Hungarian Reformation associated with nearby Sikl\u00f3s. A unique feature of this church is the stork&#8217;s nest on its spire, built with the help of locals reinforcing the structure with iron rods.<\/p>\r\n\r\n\r\n\r\n<h4 class=\"wp-block-heading\">Terehegyi Reformed Church<\/h4>\r\n\r\n\r\n\r\n<div class=\"wp-block-image\">\r\n<figure class=\"alignleft\"><a href=\"http:\/\/www.xavinhotelharkany.hu\/wp-content\/uploads\/2014\/11\/latnivalok_3.jpg\"><img decoding=\"async\" class=\"wp-image-325\" src=\"http:\/\/www.xavinhotelharkany.hu\/wp-content\/uploads\/2014\/11\/latnivalok_3-150x150.jpg\" alt=\"Terehegyi Reformed Church\" \/><\/a>\r\n<figcaption>Terehegyi Reformed Church<\/figcaption>\r\n<\/figure>\r\n<\/div>\r\n\r\n\r\n\r\n<p>Built in 1798 and protected as a historic monument, the Terehegyi Reformed Church is located on a small hill in the Terehegyi district. It replaced an earlier wooden church constructed in 1761. Situated at the corner of Terehegyi and Ostoros Streets, the Rococo-style church is surrounded by landscaped gardens. Its wooden ceiling, choir railings, pews, and the pulpit are decorated with Baroque elements and paintings. The church houses four bells and an 18th-century Rococo organ brought from P\u00e9csv\u00e1rad, which is considered unique in Europe.<\/p>\r\n\r\n\r\n\r\n<p>The church was renovated in 1988.<\/p>\r\n\r\n\r\n\r\n<h4 class=\"wp-block-heading\">Zsigmondy Promenade and Old Park<\/h4>\r\n\r\n\r\n\r\n<p>This postcard from the 1930s shows the original Hark\u00e1ny Wellhouse. It has been reconstructed entirely to its original design, offering a piece of history for future generations.<\/p>\r\n\r\n\r\n\r\n<p>Hark\u00e1ny\u2019s largest old park was completely renewed in 2019 as part of the &#8220;More Livable Future \u2013 Green Downtown Hark\u00e1ny&#8221; project.<\/p>\r\n\r\n\r\n\r\n<p>During the development, new pavement was laid along the walkways, including paths leading to the Heart of Jesus Church and its garden, making it easier for visitors to view the stunning enamel Stations of the Cross found there.<\/p>\r\n\r\n\r\n\r\n<p>Additionally, a modern fountain, an open-air stage, vendor pavilions, and a new Wellhouse\u2014reconstructed from a 1930s-era postcard\u2014were built.<\/p>\r\n\r\n\r\n\r\n<p>A nature trail featuring quotes from Albert Wass, along with a three-generational playground meeting 21st-century standards, was also created, catering to families with children.<\/p>\r\n\r\n\r\n\r\n<h4 class=\"wp-block-heading\">Harka Fountain<\/h4>\r\n\r\n\r\n\r\n<figure class=\"wp-block-image\"><img decoding=\"async\" width=\"1600\" height=\"1067\" class=\"wp-image-10377\" src=\"https:\/\/divinahotelharkany.hu\/wp-content\/uploads\/2020\/05\/zsolnay-szobor-harkany-750x500-1.jpg\" alt=\"\" srcset=\"https:\/\/divinahotelharkany.hu\/wp-content\/uploads\/2020\/05\/zsolnay-szobor-harkany-750x500-1.jpg 1600w, https:\/\/divinahotelharkany.hu\/wp-content\/uploads\/2020\/05\/zsolnay-szobor-harkany-750x500-1-300x200.jpg 300w, https:\/\/divinahotelharkany.hu\/wp-content\/uploads\/2020\/05\/zsolnay-szobor-harkany-750x500-1-1024x683.jpg 1024w, https:\/\/divinahotelharkany.hu\/wp-content\/uploads\/2020\/05\/zsolnay-szobor-harkany-750x500-1-768x512.jpg 768w, https:\/\/divinahotelharkany.hu\/wp-content\/uploads\/2020\/05\/zsolnay-szobor-harkany-750x500-1-1536x1024.jpg 1536w\" sizes=\"(max-width: 1600px) 100vw, 1600px\" \/><\/figure>\r\n\r\n\r\n\r\n<p>Located opposite the southern entrance of the renowned Hark\u00e1ny Thermal Bath, the Harka Fountain symbolizes the legend of Hark\u00e1ny\u2019s water. Built in 2000 to commemorate the new millennium, it is a source of pride and joy for locals and tourists alike.<\/p>\r\n\r\n<p>&nbsp;<\/p>\r\n\r\n<p>The beautiful fountain was crafted by the famous Zsolnay manufactory in P\u00e9cs, known for its iconic green eosin material, showcasing their exceptional craftsmanship once again.<\/p>\r\n\r\n\r\n\r\n<h4 class=\"wp-block-heading\">Millennium Apple Fountain<\/h4>\r\n\r\n\r\n\r\n<div class=\"wp-block-image\">\r\n<figure class=\"alignleft\"><img decoding=\"async\" width=\"300\" height=\"200\" class=\"wp-image-1732\" src=\"https:\/\/divinahotelharkany.hu\/wp-content\/uploads\/2020\/02\/alma-300x200.jpg\" alt=\"Apple Fountain\" srcset=\"https:\/\/divinahotelharkany.hu\/wp-content\/uploads\/2020\/02\/alma-300x200.jpg 300w, https:\/\/divinahotelharkany.hu\/wp-content\/uploads\/2020\/02\/alma.jpg 648w\" sizes=\"(max-width: 300px) 100vw, 300px\" \/><\/figure>\r\n<\/div>\r\n\r\n\r\n\r\n<p>Located next to the Hark\u00e1ny Cultural Center, the Millennium Apple Fountain was erected in 2000. Created by Vajda L\u00e1szl\u00f3 and Kamerer Tam\u00e1s, this stunning work of art also comes from the Zsolnay manufactory in P\u00e9cs.<\/p>\r\n\r\n<p>&nbsp;<\/p>","protected":false},"excerpt":{"rendered":"<p>The spa Town of Hark\u00e1ny &#8211; at the foot of the Tenkes Hill and near the Vill\u00e1ny Hills in Baranya County lies a sunny small town with a legend that might seem unbelievable, but its natural treasures are unbeatable. Have you ever heard of a place where wine, adventure, culture, thermal water, and wellness are [&hellip;]<\/p>\n","protected":false},"author":2,"featured_media":10358,"parent":0,"menu_order":0,"comment_status":"closed","ping_status":"closed","template":"","meta":{"footnotes":""},"class_list":["post-458","page","type-page","status-publish","has-post-thumbnail","hentry"],"aioseo_notices":[],"_links":{"self":[{"href":"https:\/\/divinahotelharkany.hu\/en\/wp-json\/wp\/v2\/pages\/458","targetHints":{"allow":["GET"]}}],"collection":[{"href":"https:\/\/divinahotelharkany.hu\/en\/wp-json\/wp\/v2\/pages"}],"about":[{"href":"https:\/\/divinahotelharkany.hu\/en\/wp-json\/wp\/v2\/types\/page"}],"author":[{"embeddable":true,"href":"https:\/\/divinahotelharkany.hu\/en\/wp-json\/wp\/v2\/users\/2"}],"replies":[{"embeddable":true,"href":"https:\/\/divinahotelharkany.hu\/en\/wp-json\/wp\/v2\/comments?post=458"}],"version-history":[{"count":6,"href":"https:\/\/divinahotelharkany.hu\/en\/wp-json\/wp\/v2\/pages\/458\/revisions"}],"predecessor-version":[{"id":27929,"href":"https:\/\/divinahotelharkany.hu\/en\/wp-json\/wp\/v2\/pages\/458\/revisions\/27929"}],"wp:featuredmedia":[{"embeddable":true,"href":"https:\/\/divinahotelharkany.hu\/en\/wp-json\/wp\/v2\/media\/10358"}],"wp:attachment":[{"href":"https:\/\/divinahotelharkany.hu\/en\/wp-json\/wp\/v2\/media?parent=458"}],"curies":[{"name":"wp","href":"https:\/\/api.w.org\/{rel}","templated":true}]}}