{"id":460,"date":"2019-09-21T20:28:46","date_gmt":"2019-09-21T20:28:46","guid":{"rendered":"http:\/\/divinahotelharkany.hu\/?page_id=460"},"modified":"2024-11-22T16:46:51","modified_gmt":"2024-11-22T16:46:51","slug":"the-legend","status":"publish","type":"page","link":"https:\/\/divinahotelharkany.hu\/en\/the-legend\/","title":{"rendered":"The legend"},"content":{"rendered":"<h3>The legend of Hark\u00e1ny &#8211; in a poem<\/h3>\n<table class=\"szobak aligncenter\">\n<tbody>\n<tr>\n<td><a href=\"http:\/\/www.xavinhotelharkany.hu\/wp-content\/uploads\/2016\/04\/legenda1.jpg\"><img decoding=\"async\" class=\"alignnone wp-image-3936 size-full\" src=\"http:\/\/www.xavinhotelharkany.hu\/wp-content\/uploads\/2016\/04\/legenda1.jpg\" alt=\"A historic image of the Hark\u00e1ny Thermal Spa\" width=\"425\" height=\"270\" \/><\/a><\/td>\n<td><a href=\"http:\/\/www.xavinhotelharkany.hu\/wp-content\/uploads\/2016\/04\/legenda2.jpg\"><img decoding=\"async\" class=\"alignnone wp-image-3937 size-full\" src=\"http:\/\/www.xavinhotelharkany.hu\/wp-content\/uploads\/2016\/04\/legenda2.jpg\" alt=\"Hark\u00e1ny in the 1960s\" width=\"425\" height=\"270\" \/><\/a><\/td>\n<td><a href=\"http:\/\/www.xavinhotelharkany.hu\/wp-content\/uploads\/2016\/04\/legenda3.jpg\"><img decoding=\"async\" class=\"alignnone wp-image-3938 size-full\" src=\"http:\/\/www.xavinhotelharkany.hu\/wp-content\/uploads\/2016\/04\/legenda3.jpg\" alt=\"A historic image of Hark\u00e1ny's beach spa\" width=\"425\" height=\"270\" \/><\/a><\/td>\n<\/tr>\n<\/tbody>\n<\/table>\n<p style=\"text-align: center;\">If you look south at the pointed Hars\u00e1ny hill,<br \/>\nyou\u2019ll see plowed furrows in the rocky mountain<br \/>\nand the footprints of a rooster, goat, and cat<br \/>\netched into the mountain ridge.<\/p>\n<p style=\"text-align: center;\">An old woman lived here, and she had<br \/>\na daughter named Harka, unmatched in seven lands.<br \/>\nThe Devil cast his eye on her, wandering<br \/>\naround at night. His words never ran out.<\/p>\n<p style=\"text-align: center;\">To win the girl, he had to plow<br \/>\nHars\u00e1ny hill before the rooster crowed.<br \/>\n\u201cI\u2019ll go right now!\u201d said the Devil.<br \/>\nHe yoked a cat, a goat, and a rooster<br \/>\nto his golden plow.<\/p>\n<p style=\"text-align: center;\">The woman spied on him from the attic hatch,<br \/>\nwatching where the hoofed one worked.<br \/>\nHer eyes bulged as she saw the Devil<br \/>\nnearing the mountain\u2019s crest.<br \/>\nIf he kept this pace, he\u2019d finish well before dawn.<\/p>\n<p style=\"text-align: center;\">So, the woman sprang into action!<br \/>\nShe ran to the chicken coop, mimicking<br \/>\na rooster\u2019s crow. Hearing this,<br \/>\nthe rooster hitched to the plow joined in.<br \/>\nEven the Devil\u2019s rooster cried out.<br \/>\nThe Devil tore at his hair.<\/p>\n<p style=\"text-align: center;\">The three animals turned into the mountain,<br \/>\nand seeing his defeat,<br \/>\nthe Devil stomped in rage.<br \/>\nA hole opened, swallowing him whole.<br \/>\nWhere he descended to hell,<br \/>\nsulfur-scented thermal water surged from the earth.<\/p>\n<p style=\"text-align: center;\"><em>(Folk Tradition)<\/em><\/p>\n<h3>The story of Hark\u00e1ny &#8211; in real life<\/h3>\n<p style=\"text-align: justify;\">In 1823, during the drainage works near Gy\u00fcd and Hark\u00e1ny, J\u00e1nos Pog\u00e1ny, a peasant from Gy\u00fcd, discovered the healing properties of the water. J\u00f3zsef T\u00f6r\u00f6k described it in his work as follows:<\/p>\n<p style=\"text-align: justify;\"><span style=\"font-size: inherit;\">&#8220;Antal Batthy\u00e1ny ordered canals to be dug to drain and dry the marshlands around Hark\u00e1ny. Among the workers was J\u00e1nos Pog\u00e1ny, a resident of Gy\u00fcd, whose leg was swollen from knee to ankle and plagued by shooting pains, leaving him reliant on a cane to walk. Feeling the warm water bubbling from the ditch and its soothing effect on his ailing leg, he immersed it while working in the ditch all day. By the next day, to his astonishment, the swelling had subsided enough for him to wear boots. Encouraged by this, he continued soaking his leg in the water, and by October 1823, after less than a month, he was completely cured.&#8221;<\/span><\/p>\n<p style=\"text-align: justify;\">(Source: The History of Hark\u00e1ny Thermal Bath)<\/p>\n<table class=\"szobak\">\n<tbody>\n<tr>\n<td><a href=\"http:\/\/www.xavinhotelharkany.hu\/wp-content\/uploads\/2016\/04\/legenda4.jpg\"><img decoding=\"async\" class=\"alignnone wp-image-3939 size-full\" src=\"http:\/\/www.xavinhotelharkany.hu\/wp-content\/uploads\/2016\/04\/legenda4.jpg\" alt=\"Women bathing in Hark\u00e1ny's healing waters\" width=\"500\" height=\"270\" \/><\/a><\/td>\n<td><a href=\"http:\/\/www.xavinhotelharkany.hu\/wp-content\/uploads\/2016\/04\/legenda5.jpg\"><img decoding=\"async\" class=\"alignnone wp-image-3940 size-full\" src=\"http:\/\/www.xavinhotelharkany.hu\/wp-content\/uploads\/2016\/04\/legenda5.jpg\" alt=\"Hark\u00e1ny Thermal Bath in the early 1900s\" width=\"500\" height=\"270\" \/><\/a><\/td>\n<td><a href=\"http:\/\/www.xavinhotelharkany.hu\/wp-content\/uploads\/2016\/04\/legenda6.jpg\"><img decoding=\"async\" class=\"alignnone wp-image-3941 size-full\" src=\"http:\/\/www.xavinhotelharkany.hu\/wp-content\/uploads\/2016\/04\/legenda6.jpg\" alt=\"Hark\u00e1ny Spa in the 1960s-70s\" width=\"500\" height=\"270\" \/><\/a><\/td>\n<\/tr>\n<\/tbody>\n<\/table>\n","protected":false},"excerpt":{"rendered":"<p>The legend of Hark\u00e1ny &#8211; in a poem If you look south at the pointed Hars\u00e1ny hill, you\u2019ll see plowed furrows in the rocky mountain and the footprints of a rooster, goat, and cat etched into the mountain ridge. An old woman lived here, and she had a daughter named Harka, unmatched in seven lands. [&hellip;]<\/p>\n","protected":false},"author":2,"featured_media":0,"parent":0,"menu_order":0,"comment_status":"closed","ping_status":"closed","template":"","meta":{"footnotes":""},"class_list":["post-460","page","type-page","status-publish","hentry"],"aioseo_notices":[],"_links":{"self":[{"href":"https:\/\/divinahotelharkany.hu\/en\/wp-json\/wp\/v2\/pages\/460","targetHints":{"allow":["GET"]}}],"collection":[{"href":"https:\/\/divinahotelharkany.hu\/en\/wp-json\/wp\/v2\/pages"}],"about":[{"href":"https:\/\/divinahotelharkany.hu\/en\/wp-json\/wp\/v2\/types\/page"}],"author":[{"embeddable":true,"href":"https:\/\/divinahotelharkany.hu\/en\/wp-json\/wp\/v2\/users\/2"}],"replies":[{"embeddable":true,"href":"https:\/\/divinahotelharkany.hu\/en\/wp-json\/wp\/v2\/comments?post=460"}],"version-history":[{"count":5,"href":"https:\/\/divinahotelharkany.hu\/en\/wp-json\/wp\/v2\/pages\/460\/revisions"}],"predecessor-version":[{"id":27931,"href":"https:\/\/divinahotelharkany.hu\/en\/wp-json\/wp\/v2\/pages\/460\/revisions\/27931"}],"wp:attachment":[{"href":"https:\/\/divinahotelharkany.hu\/en\/wp-json\/wp\/v2\/media?parent=460"}],"curies":[{"name":"wp","href":"https:\/\/api.w.org\/{rel}","templated":true}]}}